{"id":3217,"date":"2023-02-24T17:23:49","date_gmt":"2023-02-24T16:23:49","guid":{"rendered":"http:\/\/rossocorsa.www190-92-135-130.a2hosted.com\/?page_id=3217"},"modified":"2026-03-26T11:40:23","modified_gmt":"2026-03-26T10:40:23","slug":"servizio","status":"publish","type":"page","link":"https:\/\/www.rossocorsa.com\/it\/servizio\/","title":{"rendered":"Assistenza"},"content":{"rendered":"<div data-elementor-type=\"wp-page\" data-elementor-id=\"3217\" class=\"elementor elementor-3217\" data-elementor-post-type=\"page\">\n\t\t\t\t<div class=\"elementor-element elementor-element-fba8ade e-flex e-con-boxed elementor-invisible e-con e-parent\" data-id=\"fba8ade\" data-element_type=\"container\" data-e-type=\"container\" data-settings=\"{&quot;background_background&quot;:&quot;video&quot;,&quot;background_video_link&quot;:&quot;https:\\\/\\\/www.rossocorsa.com\\\/wp-content\\\/uploads\\\/2023\\\/02\\\/Rosso-Corsa-homepage-banner-video-01.mp4&quot;,&quot;background_play_on_mobile&quot;:&quot;yes&quot;,&quot;animation&quot;:&quot;fadeIn&quot;}\">\n\t\t\t\t\t<div class=\"e-con-inner\">\n\t\t<div class=\"elementor-background-video-container\">\n\t\t\t\t\t\t\t<video class=\"elementor-background-video-hosted\" role=\"presentation\" autoplay muted playsinline loop><\/video>\n\t\t\t\t\t<\/div>\t\t<div class=\"elementor-element elementor-element-7196222 elementor-widget elementor-widget-spacer\" data-id=\"7196222\" data-element_type=\"widget\" data-e-type=\"widget\" data-widget_type=\"spacer.default\">\n\t\t\t\t<div class=\"elementor-widget-container\">\n\t\t\t\t\t\t\t<div class=\"elementor-spacer\">\n\t\t\t<div class=\"elementor-spacer-inner\"><\/div>\n\t\t<\/div>\n\t\t\t\t\t\t<\/div>\n\t\t\t\t<\/div>\n\t\t\t\t\t<\/div>\n\t\t\t\t<\/div>\n\t\t<div class=\"elementor-element elementor-element-4462643 e-con-full e-flex elementor-invisible e-con e-parent\" data-id=\"4462643\" data-element_type=\"container\" data-e-type=\"container\" data-settings=\"{&quot;animation&quot;:&quot;fadeIn&quot;}\">\n\t\t\t\t<div class=\"elementor-element elementor-element-8c6411c elementor-widget elementor-widget-spacer\" data-id=\"8c6411c\" data-element_type=\"widget\" data-e-type=\"widget\" data-widget_type=\"spacer.default\">\n\t\t\t\t<div class=\"elementor-widget-container\">\n\t\t\t\t\t\t\t<div class=\"elementor-spacer\">\n\t\t\t<div class=\"elementor-spacer-inner\"><\/div>\n\t\t<\/div>\n\t\t\t\t\t\t<\/div>\n\t\t\t\t<\/div>\n\t\t\t\t<\/div>\n\t\t<div class=\"elementor-element elementor-element-a47f23d e-flex e-con-boxed elementor-invisible e-con e-parent\" data-id=\"a47f23d\" data-element_type=\"container\" data-e-type=\"container\" data-settings=\"{&quot;animation&quot;:&quot;fadeIn&quot;}\">\n\t\t\t\t\t<div class=\"e-con-inner\">\n\t\t\t\t<div class=\"elementor-element elementor-element-8f2bcfd elementor-widget elementor-widget-heading\" data-id=\"8f2bcfd\" data-element_type=\"widget\" data-e-type=\"widget\" data-widget_type=\"heading.default\">\n\t\t\t\t<div class=\"elementor-widget-container\">\n\t\t\t\t\t<h1 class=\"elementor-heading-title elementor-size-default\">Assistenza<\/h1>\t\t\t\t<\/div>\n\t\t\t\t<\/div>\n\t\t\t\t<div class=\"elementor-element elementor-element-f115e9b styled_links elementor-widget elementor-widget-text-editor\" data-id=\"f115e9b\" data-element_type=\"widget\" data-e-type=\"widget\" data-widget_type=\"text-editor.default\">\n\t\t\t\t<div class=\"elementor-widget-container\">\n\t\t\t\t\t\t\t\t\t<p>Rossa Corsa Service lavora con passione e cuore e si concentra 100% sull'attenzione ai dettagli. Il nostro obiettivo \u00e8 quello di fornire risultati ottimali e di soddisfare le esigenze di ogni cliente. Il nostro team dedicato ha una vasta esperienza nella manutenzione di tutti i modelli di supercar, dalle pi\u00f9 moderne alle classiche. La manutenzione e l'assistenza di auto cos\u00ec sofisticate \u00e8 un'area di competenza estremamente specializzata, che non tutte le officine possono offrire. La nostra officina \u00e8 pronta a fornirvi un servizio di prima classe progettato per proteggere e conservare l'eccellenza e il benessere della vostra auto.<\/p><p>Servizi di officina:<\/p><div class=\"page\" title=\"Pagina 2\"><div class=\"section\"><div class=\"layoutArea\"><div class=\"column\"><ul><li>Servizio completo per veicoli nuovi e classici.<\/li><li>Servizio di qualit\u00e0, efficienza e innovazione al miglior prezzo garantito.<\/li><li>Servizio di carrozzeria e verniciatura.<\/li><li>Servizi completi di detailing e car wrap.<\/li><li><span data-slate-fragment=\"JTVCJTdCJTIydHlwZSUyMiUzQSUyMnBhcmFncmFwaCUyMiUyQyUyMmNoaWxkcmVuJTIyJTNBJTVCJTdCJTIydGV4dCUyMiUzQSUyMkFuYWx5c2lzJTIwb2YlMjB0aGUlMjB2ZWhpY2xlJUUyJTgwJTk5cyUyMGVsZWN0cmljYWwlMjAlMjBzeXN0ZW1zLiU1Q3IlMjIlN0QlNUQlN0QlNUQ=\">Analisi dei sistemi elettrici del veicolo. <\/span><\/li><li>Revisioni e meccanica generale:<\/li><\/ul><p>\u00a0 \u00a0 \u00a0 \u00a0 \u00a0 \u00a0 \u00a0 \u00a0 \u00a0 \u00a0 \u00a0 \u00a0Revisione del motore.<br \/>\u00a0 \u00a0 \u00a0 \u00a0 \u00a0 \u00a0 \u00a0 \u00a0 \u00a0 \u00a0 \u00a0 \u00a0Riparazione della trasmissione.<br \/>\u00a0 \u00a0 \u00a0 \u00a0 \u00a0 \u00a0 \u00a0 \u00a0 \u00a0 \u00a0 \u00a0 \u00a0Riparazione dei freni.<br \/>\u00a0 \u00a0 \u00a0 \u00a0 \u00a0 \u00a0 \u00a0 \u00a0 \u00a0 \u00a0 \u00a0 \u00a0Cambio olio e filtri. Riparazione sospensioni e sterzo.<\/p><ul><li>Sostituzione e riparazione vetri.<\/li><li>Ispezione pre-ITV.<\/li><li>Diagnosi con macchinari specializzati.<\/li><li>Manutenzione di dispositivi elettronici avanzati.<\/li><\/ul><\/div><\/div><\/div><\/div>\t\t\t\t\t\t\t\t<\/div>\n\t\t\t\t<\/div>\n\t\t\t\t<div class=\"elementor-element elementor-element-382838b elementor-widget elementor-widget-image\" data-id=\"382838b\" data-element_type=\"widget\" data-e-type=\"widget\" data-widget_type=\"image.default\">\n\t\t\t\t<div class=\"elementor-widget-container\">\n\t\t\t\t\t\t\t\t\t\t\t\t\t\t\t<img fetchpriority=\"high\" decoding=\"async\" width=\"1593\" height=\"1061\" src=\"https:\/\/www.rossocorsa.com\/wp-content\/uploads\/2024\/02\/WhatsApp-Image-2024-02-08-at-12.32.40.jpeg\" class=\"attachment-full size-full wp-image-11342\" alt=\"Rosso_Corsa\" srcset=\"https:\/\/www.rossocorsa.com\/wp-content\/uploads\/2024\/02\/WhatsApp-Image-2024-02-08-at-12.32.40.jpeg 1593w, https:\/\/www.rossocorsa.com\/wp-content\/uploads\/2024\/02\/WhatsApp-Image-2024-02-08-at-12.32.40-300x200.jpeg 300w, https:\/\/www.rossocorsa.com\/wp-content\/uploads\/2024\/02\/WhatsApp-Image-2024-02-08-at-12.32.40-1024x682.jpeg 1024w, https:\/\/www.rossocorsa.com\/wp-content\/uploads\/2024\/02\/WhatsApp-Image-2024-02-08-at-12.32.40-768x512.jpeg 768w, https:\/\/www.rossocorsa.com\/wp-content\/uploads\/2024\/02\/WhatsApp-Image-2024-02-08-at-12.32.40-1536x1023.jpeg 1536w, https:\/\/www.rossocorsa.com\/wp-content\/uploads\/2024\/02\/WhatsApp-Image-2024-02-08-at-12.32.40-18x12.jpeg 18w\" sizes=\"(max-width: 1593px) 100vw, 1593px\" \/>\t\t\t\t\t\t\t\t\t\t\t\t\t\t\t<\/div>\n\t\t\t\t<\/div>\n\t\t\t\t<div class=\"elementor-element elementor-element-7d2e751 elementor-position-inline-end e-transform elementor-view-default elementor-widget elementor-widget-icon-box\" data-id=\"7d2e751\" data-element_type=\"widget\" data-e-type=\"widget\" data-settings=\"{&quot;_transform_translateX_effect_hover&quot;:{&quot;unit&quot;:&quot;px&quot;,&quot;size&quot;:10,&quot;sizes&quot;:[]},&quot;_transform_translateX_effect_hover_tablet&quot;:{&quot;unit&quot;:&quot;px&quot;,&quot;size&quot;:&quot;&quot;,&quot;sizes&quot;:[]},&quot;_transform_translateX_effect_hover_mobile&quot;:{&quot;unit&quot;:&quot;px&quot;,&quot;size&quot;:&quot;&quot;,&quot;sizes&quot;:[]},&quot;_transform_translateY_effect_hover&quot;:{&quot;unit&quot;:&quot;px&quot;,&quot;size&quot;:&quot;&quot;,&quot;sizes&quot;:[]},&quot;_transform_translateY_effect_hover_tablet&quot;:{&quot;unit&quot;:&quot;px&quot;,&quot;size&quot;:&quot;&quot;,&quot;sizes&quot;:[]},&quot;_transform_translateY_effect_hover_mobile&quot;:{&quot;unit&quot;:&quot;px&quot;,&quot;size&quot;:&quot;&quot;,&quot;sizes&quot;:[]}}\" data-widget_type=\"icon-box.default\">\n\t\t\t\t<div class=\"elementor-widget-container\">\n\t\t\t\t\t\t\t<div class=\"elementor-icon-box-wrapper\">\n\n\t\t\t\t\t\t<div class=\"elementor-icon-box-icon\">\n\t\t\t\t<a href=\"#elementor-action%3Aaction%3Dpopup%3Aopen%26settings%3DeyJpZCI6IjM5MTgiLCJ0b2dnbGUiOmZhbHNlfQ%3D%3D\" class=\"elementor-icon\" tabindex=\"-1\" aria-label=\"Fissa un appuntamento\">\n\t\t\t\t<svg xmlns=\"http:\/\/www.w3.org\/2000\/svg\" id=\"Layer_1\" data-name=\"Layer 1\" width=\"50\" height=\"50\" viewbox=\"0 0 50 50\"><path d=\"M30.19,24.3335h0l-10.38-9.33,6.006,9.33L19.81,34.9965l10.38-10.662h0ZM25,2a23.0066,23.0066,0,0,0-8.952,44.1934A23.0065,23.0065,0,0,0,33.952,3.8066,22.8535,22.8535,0,0,0,25,2m0-2A25,25,0,1,1,0,25,25,25,0,0,1,25,0Z\"><\/path><\/svg>\t\t\t\t<\/a>\n\t\t\t<\/div>\n\t\t\t\n\t\t\t\t\t\t<div class=\"elementor-icon-box-content\">\n\n\t\t\t\t\t\t\t\t\t<div class=\"elementor-icon-box-title\">\n\t\t\t\t\t\t<a href=\"#elementor-action%3Aaction%3Dpopup%3Aopen%26settings%3DeyJpZCI6IjM5MTgiLCJ0b2dnbGUiOmZhbHNlfQ%3D%3D\" >\n\t\t\t\t\t\t\tFissa un appuntamento\t\t\t\t\t\t<\/a>\n\t\t\t\t\t<\/div>\n\t\t\t\t\n\t\t\t\t\n\t\t\t<\/div>\n\t\t\t\n\t\t<\/div>\n\t\t\t\t\t\t<\/div>\n\t\t\t\t<\/div>\n\t\t\t\t<div class=\"elementor-element elementor-element-64ceff6 elementor-widget elementor-widget-html\" data-id=\"64ceff6\" data-element_type=\"widget\" data-e-type=\"widget\" data-widget_type=\"html.default\">\n\t\t\t\t<div class=\"elementor-widget-container\">\n\t\t\t\t\t<script>\r\ndocument.addEventListener('DOMContentLoaded', function() {\r\nvar urlParams = new URLSearchParams(window.location.search);\r\nvar contact = urlParams.get('contact');\r\nif(contact) {\r\nsetTimeout(function() {\r\nelementorProFrontend.modules.popup.showPopup( { id: '3918' } );\r\n}, 1000);\r\n}\r\n});\r\n<\/script>\t\t\t\t<\/div>\n\t\t\t\t<\/div>\n\t\t\t\t\t<\/div>\n\t\t\t\t<\/div>\n\t\t\t\t<\/div>","protected":false},"excerpt":{"rendered":"<p>Service Rossa Corsa Service lavora con passione e cuore e si concentra 100% sull'attenzione ai dettagli. Il nostro obiettivo \u00e8 quello di fornire risultati ottimali e di soddisfare le esigenze di ogni cliente. Il nostro team dedicato ha una vasta esperienza nella manutenzione di tutti i modelli di supercar, dalle pi\u00f9 moderne alle classiche. La manutenzione e l'assistenza di auto cos\u00ec sofisticate \u00e8 un compito estremamente [...]<\/p>","protected":false},"author":8,"featured_media":0,"parent":0,"menu_order":7,"comment_status":"closed","ping_status":"closed","template":"","meta":{"footnotes":""},"class_list":["post-3217","page","type-page","status-publish","hentry"],"acf":[],"_links":{"self":[{"href":"https:\/\/www.rossocorsa.com\/it\/wp-json\/wp\/v2\/pages\/3217","targetHints":{"allow":["GET"]}}],"collection":[{"href":"https:\/\/www.rossocorsa.com\/it\/wp-json\/wp\/v2\/pages"}],"about":[{"href":"https:\/\/www.rossocorsa.com\/it\/wp-json\/wp\/v2\/types\/page"}],"author":[{"embeddable":true,"href":"https:\/\/www.rossocorsa.com\/it\/wp-json\/wp\/v2\/users\/8"}],"replies":[{"embeddable":true,"href":"https:\/\/www.rossocorsa.com\/it\/wp-json\/wp\/v2\/comments?post=3217"}],"version-history":[{"count":10,"href":"https:\/\/www.rossocorsa.com\/it\/wp-json\/wp\/v2\/pages\/3217\/revisions"}],"predecessor-version":[{"id":13513,"href":"https:\/\/www.rossocorsa.com\/it\/wp-json\/wp\/v2\/pages\/3217\/revisions\/13513"}],"wp:attachment":[{"href":"https:\/\/www.rossocorsa.com\/it\/wp-json\/wp\/v2\/media?parent=3217"}],"curies":[{"name":"wp","href":"https:\/\/api.w.org\/{rel}","templated":true}]}}